{"id":144,"date":"2011-02-27T18:11:19","date_gmt":"2011-02-27T17:11:19","guid":{"rendered":"http:\/\/www.schnufnase.de\/?page_id=144"},"modified":"2018-06-22T07:43:29","modified_gmt":"2018-06-22T05:43:29","slug":"144-2","status":"publish","type":"page","link":"https:\/\/www.schnufnase.de\/","title":{"rendered":""},"content":{"rendered":"<p>&nbsp;<\/p>\n<p>&nbsp;<\/p>\n<p style=\"text-align: left; padding-left: 240px; font-size: 16px\"><span style=\"color: #666;\">Sie ist nun frei<\/span><br \/>\n<span style=\"color: #666;\"> und unsere Tr\u00e4nen<\/span><br \/>\n<span style=\"color: #666;\"> w\u00fcnschen ihr Gl\u00fcck.<\/span><\/p>\n<p style=\"text-align: left; padding-left: 240px;\"><span style=\"color: #666;\">Joh. Wolfgang v. Goethe<\/span><\/p>\n<p style=\"text-align: left; padding-left: 240px;\">&nbsp;<\/p>\n<p style=\"text-align: left; padding-left: 240px;\">&nbsp;<\/p>\n","protected":false},"excerpt":{"rendered":"<p>&nbsp; &nbsp; Sie ist nun frei und unsere Tr\u00e4nen w\u00fcnschen ihr Gl\u00fcck. Joh. Wolfgang v. Goethe &nbsp; &nbsp;<\/p>\n","protected":false},"author":1,"featured_media":0,"parent":0,"menu_order":0,"comment_status":"closed","ping_status":"closed","template":"onecolumn-page.php","meta":{"ngg_post_thumbnail":0,"footnotes":""},"class_list":["post-144","page","type-page","status-publish","hentry"],"_links":{"self":[{"href":"https:\/\/www.schnufnase.de\/index.php?rest_route=\/wp\/v2\/pages\/144","targetHints":{"allow":["GET"]}}],"collection":[{"href":"https:\/\/www.schnufnase.de\/index.php?rest_route=\/wp\/v2\/pages"}],"about":[{"href":"https:\/\/www.schnufnase.de\/index.php?rest_route=\/wp\/v2\/types\/page"}],"author":[{"embeddable":true,"href":"https:\/\/www.schnufnase.de\/index.php?rest_route=\/wp\/v2\/users\/1"}],"replies":[{"embeddable":true,"href":"https:\/\/www.schnufnase.de\/index.php?rest_route=%2Fwp%2Fv2%2Fcomments&post=144"}],"version-history":[{"count":49,"href":"https:\/\/www.schnufnase.de\/index.php?rest_route=\/wp\/v2\/pages\/144\/revisions"}],"predecessor-version":[{"id":273,"href":"https:\/\/www.schnufnase.de\/index.php?rest_route=\/wp\/v2\/pages\/144\/revisions\/273"}],"wp:attachment":[{"href":"https:\/\/www.schnufnase.de\/index.php?rest_route=%2Fwp%2Fv2%2Fmedia&parent=144"}],"curies":[{"name":"wp","href":"https:\/\/api.w.org\/{rel}","templated":true}]}}